{"id":508,"date":"2025-10-14T07:31:01","date_gmt":"2025-10-14T12:31:01","guid":{"rendered":"https:\/\/cablefuturotv.com.co\/?page_id=508"},"modified":"2025-10-14T14:41:24","modified_gmt":"2025-10-14T19:41:24","slug":"test-de-velocidad","status":"publish","type":"page","link":"https:\/\/cablefuturotv.com.co\/?page_id=508","title":{"rendered":"Test de Velocidad"},"content":{"rendered":"\n<h2 class=\"wp-block-heading has-text-color has-link-color wp-elements-0e059d23b8c9ec56911cb567867ed37e\" style=\"color:#2668a6\">Conoce el estado de tu navegaci\u00f3n con el medidor de velocidad <strong><mark style=\"background-color:rgba(0, 0, 0, 0);color:#4cb077\" class=\"has-inline-color\">CABLE<\/mark>FUTURO<\/strong><\/h2>\n\n\n\n<hr class=\"wp-block-separator has-alpha-channel-opacity\"\/>\n\n\n\n<hr class=\"wp-block-separator has-alpha-channel-opacity\"\/>\n\n\n\n<div class=\"wp-block-columns is-layout-flex wp-container-core-columns-is-layout-1 wp-block-columns-is-layout-flex\">\n<div class=\"wp-block-column is-layout-flow wp-block-column-is-layout-flow\">\n<figure class=\"wp-block-image aligncenter size-full is-resized\"><img loading=\"lazy\" decoding=\"async\" width=\"445\" height=\"745\" src=\"https:\/\/cablefuturotv.com.co\/wp-content\/uploads\/2025\/10\/1.png\" alt=\"\" class=\"wp-image-535\" style=\"width:49px;height:auto\" srcset=\"https:\/\/cablefuturotv.com.co\/wp-content\/uploads\/2025\/10\/1.png 445w, https:\/\/cablefuturotv.com.co\/wp-content\/uploads\/2025\/10\/1-179x300.png 179w\" sizes=\"auto, (max-width: 445px) 100vw, 445px\" \/><\/figure>\n\n\n\n<h3 class=\"wp-block-heading has-text-align-center has-text-color has-link-color wp-elements-e8c9a65de4d6c7f7d10bf0a4eb05e8ea\" style=\"color:#2668a6\">Valida tu conexi\u00f3n<\/h3>\n\n\n\n<h4 class=\"wp-block-heading has-text-align-center has-accent-4-color has-text-color has-link-color wp-elements-39dd7bbadf69f3b428d43257371cf872\">Aseg\u00farate que tu dispositivo est\u00e9 conectado a una red de internet.<\/h4>\n<\/div>\n\n\n\n<div class=\"wp-block-column is-layout-flow wp-block-column-is-layout-flow\">\n<figure class=\"wp-block-image aligncenter size-full is-resized\"><img loading=\"lazy\" decoding=\"async\" width=\"543\" height=\"744\" src=\"https:\/\/cablefuturotv.com.co\/wp-content\/uploads\/2025\/10\/2.png\" alt=\"\" class=\"wp-image-536\" style=\"width:49px;height:auto\" srcset=\"https:\/\/cablefuturotv.com.co\/wp-content\/uploads\/2025\/10\/2.png 543w, https:\/\/cablefuturotv.com.co\/wp-content\/uploads\/2025\/10\/2-219x300.png 219w\" sizes=\"auto, (max-width: 543px) 100vw, 543px\" \/><\/figure>\n\n\n\n<h3 class=\"wp-block-heading has-text-align-center has-text-color has-link-color wp-elements-f200a1854dbda1107a607c64745b84e0\" style=\"color:#2668a6\">Cierra los programas<\/h3>\n\n\n\n<h4 class=\"wp-block-heading has-text-align-center has-accent-4-color has-text-color has-link-color wp-elements-a5f111a2aa71a423931ad018a592e4b8\">Aplicaciones, navegadores, videos, etc. Esto consume ancho de banda y puede afectar tu medici\u00f3n.<\/h4>\n<\/div>\n\n\n\n<div class=\"wp-block-column is-layout-flow wp-block-column-is-layout-flow\">\n<figure class=\"wp-block-image aligncenter size-full is-resized\"><img loading=\"lazy\" decoding=\"async\" width=\"510\" height=\"745\" src=\"https:\/\/cablefuturotv.com.co\/wp-content\/uploads\/2025\/10\/3.png\" alt=\"\" class=\"wp-image-537\" style=\"width:49px;height:auto\" srcset=\"https:\/\/cablefuturotv.com.co\/wp-content\/uploads\/2025\/10\/3.png 510w, https:\/\/cablefuturotv.com.co\/wp-content\/uploads\/2025\/10\/3-205x300.png 205w\" sizes=\"auto, (max-width: 510px) 100vw, 510px\" \/><\/figure>\n\n\n\n<h3 class=\"wp-block-heading has-text-align-center has-text-color has-link-color wp-elements-530b4a1230d4401f45096e077038c34a\" style=\"color:#2668a6\">Reinicia el m\u00f3dem<\/h3>\n\n\n\n<h4 class=\"wp-block-heading has-text-align-center has-accent-4-color has-text-color has-link-color wp-elements-2884b24839db8e714bd85121666d912e\">Hazlo antes de empezar con la prueba. Esto garantiza un resultado real.<\/h4>\n<\/div>\n<\/div>\n\n\n\n15 mayo, 2026 11:12 am\n\n\n\n\n\n<div style=\"min-height:360px;\"><div style=\"width:100%;height:0;padding-bottom:50%;position:relative;\"><iframe style=\"border:none;position:absolute;top:0;left:0;width:100%;height:100%;min-height:360px;border:none;overflow:hidden !important;\" src=\"\/\/www.metercustom.net\/test\/?th=w&hl=es\"><\/iframe><\/div><\/div>\n","protected":false},"excerpt":{"rendered":"<p>Conoce el estado de tu navegaci\u00f3n con el medidor de velocidad CABLEFUTURO Valida tu conexi\u00f3n Aseg\u00farate que tu dispositivo est\u00e9 conectado a una red de internet. Cierra los programas Aplicaciones, navegadores, videos, etc. Esto consume ancho de banda y puede afectar tu medici\u00f3n. Reinicia el m\u00f3dem Hazlo antes de empezar con la prueba. Esto garantiza [&hellip;]<\/p>\n","protected":false},"author":1,"featured_media":0,"parent":0,"menu_order":0,"comment_status":"closed","ping_status":"closed","template":"","meta":{"ub_ctt_via":"","footnotes":""},"class_list":["post-508","page","type-page","status-publish","hentry"],"featured_image_src":null,"_links":{"self":[{"href":"https:\/\/cablefuturotv.com.co\/index.php?rest_route=\/wp\/v2\/pages\/508","targetHints":{"allow":["GET"]}}],"collection":[{"href":"https:\/\/cablefuturotv.com.co\/index.php?rest_route=\/wp\/v2\/pages"}],"about":[{"href":"https:\/\/cablefuturotv.com.co\/index.php?rest_route=\/wp\/v2\/types\/page"}],"author":[{"embeddable":true,"href":"https:\/\/cablefuturotv.com.co\/index.php?rest_route=\/wp\/v2\/users\/1"}],"replies":[{"embeddable":true,"href":"https:\/\/cablefuturotv.com.co\/index.php?rest_route=%2Fwp%2Fv2%2Fcomments&post=508"}],"version-history":[{"count":15,"href":"https:\/\/cablefuturotv.com.co\/index.php?rest_route=\/wp\/v2\/pages\/508\/revisions"}],"predecessor-version":[{"id":540,"href":"https:\/\/cablefuturotv.com.co\/index.php?rest_route=\/wp\/v2\/pages\/508\/revisions\/540"}],"wp:attachment":[{"href":"https:\/\/cablefuturotv.com.co\/index.php?rest_route=%2Fwp%2Fv2%2Fmedia&parent=508"}],"curies":[{"name":"wp","href":"https:\/\/api.w.org\/{rel}","templated":true}]}}