{"id":254,"date":"2025-03-21T14:07:45","date_gmt":"2025-03-21T19:07:45","guid":{"rendered":"https:\/\/cablefuturotv.com.co\/?page_id=254"},"modified":"2025-03-21T16:24:04","modified_gmt":"2025-03-21T21:24:04","slug":"nuestros_ninos","status":"publish","type":"page","link":"https:\/\/cablefuturotv.com.co\/?page_id=254","title":{"rendered":"Protejamos a nuestros ni\u00f1os"},"content":{"rendered":"\n<div class=\"wp-block-group alignfull is-layout-flow wp-container-core-group-is-layout-5 wp-block-group-is-layout-flow\" style=\"margin-top:0;margin-bottom:0\">\n<div class=\"wp-block-columns alignfull is-not-stacked-on-mobile is-layout-flex wp-container-core-columns-is-layout-6 wp-block-columns-is-layout-flex\" style=\"margin-top:0;margin-bottom:0;padding-top:var(--wp--preset--spacing--40);padding-right:var(--wp--preset--spacing--40);padding-bottom:var(--wp--preset--spacing--80);padding-left:var(--wp--preset--spacing--40)\">\n<div class=\"wp-block-column is-layout-flow wp-block-column-is-layout-flow\">\n<div class=\"wp-block-columns is-layout-flex wp-container-core-columns-is-layout-5 wp-block-columns-is-layout-flex\">\n<div class=\"wp-block-column is-layout-flow wp-block-column-is-layout-flow\" style=\"flex-basis:66.66%\">\n<div class=\"wp-block-columns is-layout-flex wp-container-core-columns-is-layout-1 wp-block-columns-is-layout-flex\">\n<div class=\"wp-block-column is-layout-flow wp-block-column-is-layout-flow\">\n<h2 class=\"wp-block-heading has-text-align-center\"><mark style=\"background-color:rgba(0, 0, 0, 0)\" class=\"has-inline-color has-contrast-color\"><strong>Protejamos a nuestros ni\u00f1os y adolescentes!!!<\/strong><\/mark><\/h2>\n\n\n\n<div class=\"wp-block-group is-content-justification-center is-nowrap is-layout-flex wp-container-core-group-is-layout-2 wp-block-group-is-layout-flex\">\n<div class=\"wp-block-group is-nowrap is-layout-flex wp-container-core-group-is-layout-1 wp-block-group-is-layout-flex\"><\/div>\n\n\n\n<figure class=\"wp-block-image size-large is-resized\"><img loading=\"lazy\" decoding=\"async\" width=\"1024\" height=\"614\" src=\"https:\/\/cablefuturotv.com.co\/wp-content\/uploads\/2025\/03\/DeWatermark.ai_1741801525843-1-1024x614.png\" alt=\"\" class=\"wp-image-87\" style=\"width:542px;height:auto\" srcset=\"https:\/\/cablefuturotv.com.co\/wp-content\/uploads\/2025\/03\/DeWatermark.ai_1741801525843-1-1024x614.png 1024w, https:\/\/cablefuturotv.com.co\/wp-content\/uploads\/2025\/03\/DeWatermark.ai_1741801525843-1-300x180.png 300w, https:\/\/cablefuturotv.com.co\/wp-content\/uploads\/2025\/03\/DeWatermark.ai_1741801525843-1-768x461.png 768w, https:\/\/cablefuturotv.com.co\/wp-content\/uploads\/2025\/03\/DeWatermark.ai_1741801525843-1.png 1280w\" sizes=\"auto, (max-width: 1024px) 100vw, 1024px\" \/><\/figure>\n<\/div>\n\n\n\n<div class=\"wp-block-group is-content-justification-center is-nowrap is-layout-flex wp-container-core-group-is-layout-4 wp-block-group-is-layout-flex\">\n<div class=\"wp-block-group is-nowrap is-layout-flex wp-container-core-group-is-layout-3 wp-block-group-is-layout-flex\"><\/div>\n<\/div>\n\n\n\n<h2 class=\"wp-block-heading\"><\/h2>\n<\/div>\n<\/div>\n\n\n\n<div class=\"wp-block-columns is-layout-flex wp-container-core-columns-is-layout-2 wp-block-columns-is-layout-flex\">\n<div class=\"wp-block-column is-layout-flow wp-block-column-is-layout-flow\">\n<p class=\"has-contrast-color has-accent-6-background-color has-text-color has-background has-link-color wp-elements-88eb37c4180cb0ab6e4227271cff7fee\" id=\"u128889-3\"><strong>CABLE FUTURO S.A.S.<\/strong>&nbsp;en virtud de la legislaci\u00f3n vigente, da cumplimento con la&nbsp;<a href=\"https:\/\/teleconet.co\/appweb\/wp-content\/uploads\/2021\/01\/ley_679_2001.pdf\">Ley 679 del 3 de agosto de 2001<\/a>, expedida por el Congreso de la Rep\u00fablica, para prevenir y contrarrestar la explotaci\u00f3n, la pornograf\u00eda y el turismo sexual con menores de edad.<\/p>\n\n\n\n<p class=\"has-contrast-color has-accent-6-background-color has-text-color has-background has-link-color wp-elements-ed187ec610cb7968f947f3fb80272847\" id=\"u128889-3\">Esta ley, expedida en desarrollo del Art\u00edculo 44 de la Constituci\u00f3n, pretende dictar medidas preventivas y sanciones para quienes exploten y\/o abusen sexualmente de los menores de edad, para as\u00ed ayudar que tengan un desarrollo integral y sano.<\/p>\n\n\n\n<p class=\"has-contrast-color has-accent-6-background-color has-text-color has-background has-link-color wp-elements-9b5c4ed90c2f20564d1c00a2e7bc60f5\" id=\"u128889-3\">No podemos tolerar la explotaci\u00f3n de menores de edad en Internet, para prevenir y contrarrestar este grave problema en Colombia y el mundo&nbsp;<strong>denuncia en: en:<\/strong><\/p>\n\n\n\n<p class=\"has-contrast-color has-text-color has-link-color wp-elements-974d151441707919a57edd102072539e\" id=\"u128889-6\"><\/p>\n<\/div>\n<\/div>\n\n\n\n<div class=\"wp-block-columns is-layout-flex wp-container-core-columns-is-layout-3 wp-block-columns-is-layout-flex\">\n<div class=\"wp-block-column has-background is-layout-flow wp-block-column-is-layout-flow\" style=\"background-color:#f9f9f9\">\n<p class=\"has-contrast-color has-text-color has-link-color wp-elements-bd3b544d30504dceb8cc8185dd38fd9a\"><strong>DIRECCI\u00d3N CENTRAL DE POLIC\u00cdA JUDICIAL \u2013 DIJIN GRUPO INVESTIGATIVO DELITOS INFORM\u00c1TICOS<\/strong><\/p>\n\n\n\n<p class=\"has-contrast-color has-text-color has-link-color wp-elements-c654e8d173b97cf00bfe69f80df09b2d\">Carrera 77A # 45-61 Barrio Modelia<\/p>\n\n\n\n<p class=\"has-contrast-color has-text-color has-link-color wp-elements-d7b8b6ecb8583940c03714365c7a5725\">Tel\u00e9fonos: PBX: 426 69 00 Ext. 6301 \u2013 6302<\/p>\n\n\n\n<p class=\"has-contrast-color has-text-color has-link-color wp-elements-d85e35dbde298989cdfe093837a0e54b\">Directo: 426 63 00<\/p>\n\n\n\n<p class=\"has-contrast-color has-text-color has-link-color wp-elements-3fb20088ce87fde7bbe1342fce8dda99\">Direcci\u00f3n de correo: adelinfo@dijin.policia.gov.co<\/p>\n<\/div>\n\n\n\n<div class=\"wp-block-column has-contrast-color has-text-color has-background has-link-color wp-elements-838ad6cc9187c7364f7361b54b99afcc is-layout-flow wp-block-column-is-layout-flow\" style=\"background-color:#f3f3f3\">\n<p><strong>FISCAL\u00cdA GENERAL DE LA&nbsp;<\/strong><strong>NACI\u00d3N<\/strong><\/p>\n\n\n\n<p>Tel\u00e9fono: 01800 09 12280<\/p>\n\n\n\n<p>Pagina Web:&nbsp;<a href=\"https:\/\/www.fiscalia.gov.co\/\">www.fiscalia.gov.co<\/a><\/p>\n\n\n\n<p>e-mail: contacto@fiscalia.gov.co<\/p>\n<\/div>\n\n\n\n<div class=\"wp-block-column has-contrast-color has-text-color has-background has-link-color wp-elements-043f11b74e9b921733f604ce866918dd is-layout-flow wp-block-column-is-layout-flow\" style=\"background-color:#f0f0f0\">\n<p><strong>INSTITUTO COLOMBIANO DE BIENESTAR FAMILIAR<\/strong><\/p>\n\n\n\n<p>Tel\u00e9fonos Bogot\u00e1:<\/p>\n\n\n\n<p>01-8000-91-8080<\/p>\n\n\n\n<p>660 55 20<\/p>\n\n\n\n<p>660 55 30<\/p>\n\n\n\n<p>660 55 40<\/p>\n\n\n\n<p>Pagina Web:<\/p>\n\n\n\n<p><a href=\"https:\/\/www.icbf.gov.co\/\">www.icbf.gov.co<\/a><\/p>\n<\/div>\n<\/div>\n\n\n\n<div style=\"height:36px\" aria-hidden=\"true\" class=\"wp-block-spacer\"><\/div>\n\n\n\n<div class=\"wp-block-columns is-layout-flex wp-container-core-columns-is-layout-4 wp-block-columns-is-layout-flex\">\n<div class=\"wp-block-column is-layout-flow wp-block-column-is-layout-flow\" style=\"flex-basis:33.33%\"><\/div>\n\n\n\n<div class=\"wp-block-column is-layout-flow wp-block-column-is-layout-flow\" style=\"flex-basis:66.66%\"><\/div>\n<\/div>\n<\/div>\n\n\n\n<div class=\"wp-block-column has-background has-global-padding is-layout-constrained wp-block-column-is-layout-constrained\" style=\"background-color:#6969690d;flex-basis:25%\">\n<h3 class=\"wp-block-heading\" id=\"0-nuestros-planes-de-servicio-\"><mark style=\"background-color:rgba(0, 0, 0, 0);color:#224798\" class=\"has-inline-color\"><strong>NUESTROS PLANES DE SERVICIO<\/strong><\/mark><\/h3>\n\n\n\n<p class=\"has-contrast-color has-text-color has-link-color has-medium-font-size wp-elements-3a070963b4fdd57e5e30bfa1af100bdb\">En <strong>Cable Futuro <\/strong>sabemos que cada hogar y negocio tiene necesidades \u00fanicas. Por eso, ofrecemos una variedad de planes flexibles que se adaptan a ti.<\/p>\n\n\n\n<div class=\"wp-block-buttons alignwide is-content-justification-center is-layout-flex wp-container-core-buttons-is-layout-1 wp-block-buttons-is-layout-flex\">\n<div class=\"wp-block-button\"><a class=\"wp-block-button__link has-base-color has-text-color has-background has-link-color has-text-align-center wp-element-button\" href=\"https:\/\/cablefuturotv.com.co\/?page_id=2\" style=\"background-color:#4da4bf\"><strong>Ver planes de Servicio<\/strong><\/a><\/div>\n<\/div>\n\n\n\n<hr class=\"wp-block-separator has-text-color has-accent-4-color has-alpha-channel-opacity has-accent-4-background-color has-background is-style-default\" style=\"margin-top:var(--wp--preset--spacing--20);margin-bottom:var(--wp--preset--spacing--20)\"\/>\n\n\n\n<h3 class=\"wp-block-heading has-text-align-center\" id=\"1-normatividad-crc-\"><mark style=\"background-color:rgba(0, 0, 0, 0);color:#224798\" class=\"has-inline-color\"><strong>NORMATIVIDAD CRC<\/strong><\/mark><\/h3>\n\n\n\n<figure class=\"wp-block-image size-full is-resized\"><img decoding=\"async\" src=\"https:\/\/cablefuturotv.com.co\/wp-content\/uploads\/2025\/03\/CRC_Colombia-1.png\" alt=\"\" class=\"wp-image-62\" style=\"width:213px;height:auto\"\/><\/figure>\n\n\n\n<p class=\"has-contrast-color has-text-color has-link-color has-medium-font-size wp-elements-fae1113de1fefa8f72f44632c247ecc0\"><strong>Cable Futuro <\/strong>opera bajo las regulaciones de la<strong> CRC<\/strong> (Normativa de la Comisi\u00f3n de Regulaci\u00f3n de<br>Comunicaciones ), lo que garantiza la protecci\u00f3n de los consumidores y la competencia en el mercado de las telecomunicaciones.<\/p>\n\n\n\n<p class=\"has-text-align-center has-contrast-color has-text-color has-link-color wp-elements-4f1c94a749f12b58d4214fd269ea6b99\" style=\"font-size:clamp(14px, 0.875rem + ((1vw - 3.2px) * 0.49), 19px);\"><strong><mark style=\"background-color:rgba(0, 0, 0, 0)\" class=\"has-inline-color has-accent-4-color\"><a href=\"https:\/\/cablefuturotv.com.co\/?page_id=276\" data-type=\"link\" data-id=\"https:\/\/www.crcom.gov.co\/es\/normatividad\">Click para m\u00e1s informaci\u00f3n<\/a><\/mark><\/strong><\/p>\n\n\n\n<hr class=\"wp-block-separator has-text-color has-accent-4-color has-alpha-channel-opacity has-accent-4-background-color has-background is-style-default\" style=\"margin-top:var(--wp--preset--spacing--20);margin-bottom:var(--wp--preset--spacing--20)\"\/>\n\n\n\n<h3 class=\"wp-block-heading has-text-align-center\" id=\"2-protejamos-nuestros-ni%C3%B1os-y-adolescentes-\"><mark style=\"background-color:rgba(0, 0, 0, 0);color:#224798\" class=\"has-inline-color\"><strong>Protejamos nuestros ni\u00f1os y adolescentes<\/strong><\/mark><\/h3>\n\n\n\n<h3 class=\"wp-block-heading has-text-align-center\" id=\"3-denuncia-la-pornografia-infantil-\"><mark style=\"background-color:rgba(0, 0, 0, 0);color:#6b87c3\" class=\"has-inline-color\"><strong>DENUNCIA LA PORNOGRAFIA INFANTIL<\/strong><\/mark><\/h3>\n\n\n\n<figure class=\"wp-block-image aligncenter size-large is-resized\"><img decoding=\"async\" src=\"https:\/\/cablefuturotv.com.co\/wp-content\/uploads\/2025\/03\/DeWatermark.ai_1741801525843-Photoroom-1024x614.png\" alt=\"\" class=\"wp-image-88\" style=\"width:332px;height:auto\"\/><\/figure>\n\n\n\n<p class=\"has-text-align-center has-contrast-color has-text-color has-link-color wp-elements-62b2dd31dfd82b4bdf0a447353ca6e4d\" style=\"font-size:clamp(14px, 0.875rem + ((1vw - 3.2px) * 0.392), 18px);\"><strong><mark style=\"background-color:rgba(0, 0, 0, 0)\" class=\"has-inline-color has-accent-4-color\"><a href=\"https:\/\/cablefuturotv.com.co\/?page_id=254\" data-type=\"link\" data-id=\"https:\/\/www.crcom.gov.co\/es\/normatividad\">M\u00e1s informaci\u00f3n<\/a><\/mark><\/strong><\/p>\n\n\n\n<p class=\"has-contrast-color has-text-color has-link-color has-medium-font-size wp-elements-c3168af83bbb6315f01a599ed0e5863c\"><strong>Cable Futuro<\/strong> informa que no realiza ning\u00fan tipo de bloqueo de contenido salvo la que est\u00e1n estipulada en la Ley 679 de 2001, Decreto 1524 de 2002, Ley 1336 de 2009, Ley 1341 de 2009 , sin el Consentimiento del usuario.<\/p>\n\n\n\n<p class=\"has-contrast-color has-text-color has-link-color wp-elements-60bf8c67e2b6a9a3c02661d382b116e1\"><\/p>\n\n\n\n<p class=\"has-contrast-color has-text-color has-link-color wp-elements-60bf8c67e2b6a9a3c02661d382b116e1\"><\/p>\n\n\n\n<h3 class=\"wp-block-heading has-text-align-center\"><strong><mark style=\"background-color:rgba(0, 0, 0, 0);color:#224797\" class=\"has-inline-color\">Nuestra Ubicaci\u00f3n<\/mark><\/strong><\/h3>\n\n\n\n<iframe src=\"https:\/\/www.google.com\/maps\/embed?pb=!1m18!1m12!1m3!1d836.5002437185349!2d-74.64475688265657!3d4.20301976335742!2m3!1f0!2f0!3f0!3m2!1i1024!2i768!4f13.1!3m3!1m2!1s0x8e3edf019193120d%3A0x4b042a05cba815cd!2sCABLE%20FUTURO%20TV!5e0!3m2!1ses-419!2sco!4v1742568024751!5m2!1ses-419!2sco\" width=\"400\" height=\"300\" style=\"border:0;\" allowfullscreen=\"\" loading=\"lazy\" referrerpolicy=\"no-referrer-when-downgrade\"><\/iframe>\n\n\n\n<p class=\"has-contrast-color has-text-color has-link-color wp-elements-60bf8c67e2b6a9a3c02661d382b116e1\"><\/p>\n<\/div>\n<\/div>\n<\/div>\n<\/div>\n<\/div>\n\n\n\n<p><\/p>\n","protected":false},"excerpt":{"rendered":"<p>Protejamos a nuestros ni\u00f1os y adolescentes!!! CABLE FUTURO S.A.S.&nbsp;en virtud de la legislaci\u00f3n vigente, da cumplimento con la&nbsp;Ley 679 del 3 de agosto de 2001, expedida por el Congreso de la Rep\u00fablica, para prevenir y contrarrestar la explotaci\u00f3n, la pornograf\u00eda y el turismo sexual con menores de edad. Esta ley, expedida en desarrollo del Art\u00edculo [&hellip;]<\/p>\n","protected":false},"author":1,"featured_media":0,"parent":0,"menu_order":0,"comment_status":"closed","ping_status":"closed","template":"","meta":{"ub_ctt_via":"","footnotes":""},"class_list":["post-254","page","type-page","status-publish","hentry"],"featured_image_src":null,"_links":{"self":[{"href":"https:\/\/cablefuturotv.com.co\/index.php?rest_route=\/wp\/v2\/pages\/254","targetHints":{"allow":["GET"]}}],"collection":[{"href":"https:\/\/cablefuturotv.com.co\/index.php?rest_route=\/wp\/v2\/pages"}],"about":[{"href":"https:\/\/cablefuturotv.com.co\/index.php?rest_route=\/wp\/v2\/types\/page"}],"author":[{"embeddable":true,"href":"https:\/\/cablefuturotv.com.co\/index.php?rest_route=\/wp\/v2\/users\/1"}],"replies":[{"embeddable":true,"href":"https:\/\/cablefuturotv.com.co\/index.php?rest_route=%2Fwp%2Fv2%2Fcomments&post=254"}],"version-history":[{"count":8,"href":"https:\/\/cablefuturotv.com.co\/index.php?rest_route=\/wp\/v2\/pages\/254\/revisions"}],"predecessor-version":[{"id":308,"href":"https:\/\/cablefuturotv.com.co\/index.php?rest_route=\/wp\/v2\/pages\/254\/revisions\/308"}],"wp:attachment":[{"href":"https:\/\/cablefuturotv.com.co\/index.php?rest_route=%2Fwp%2Fv2%2Fmedia&parent=254"}],"curies":[{"name":"wp","href":"https:\/\/api.w.org\/{rel}","templated":true}]}}