{"id":2,"date":"2025-03-19T13:15:25","date_gmt":"2025-03-19T18:15:25","guid":{"rendered":"https:\/\/cablefuturotv.com.co\/?page_id=2"},"modified":"2025-03-21T16:23:42","modified_gmt":"2025-03-21T21:23:42","slug":"pagina-planes","status":"publish","type":"page","link":"https:\/\/cablefuturotv.com.co\/?page_id=2","title":{"rendered":"P\u00e1gina Planes"},"content":{"rendered":"\n<div class=\"wp-block-columns alignfull is-not-stacked-on-mobile is-layout-flex wp-container-core-columns-is-layout-2 wp-block-columns-is-layout-flex\" style=\"margin-top:0;margin-bottom:0;padding-top:var(--wp--preset--spacing--40);padding-right:var(--wp--preset--spacing--40);padding-bottom:var(--wp--preset--spacing--80);padding-left:var(--wp--preset--spacing--40)\">\n<div class=\"wp-block-column is-layout-flow wp-block-column-is-layout-flow\">\n<div class=\"wp-block-columns is-layout-flex wp-container-core-columns-is-layout-1 wp-block-columns-is-layout-flex\">\n<div class=\"wp-block-column is-layout-flow wp-block-column-is-layout-flow\" style=\"flex-basis:66.66%\">\n<h2 class=\"wp-block-heading\"><strong><mark style=\"background-color:rgba(0, 0, 0, 0);color:#224797\" class=\"has-inline-color\">Nuestros Planes de Servicio<\/mark><\/strong> <mark style=\"background-color:rgba(0, 0, 0, 0);color:#224797\" class=\"has-inline-color\"><strong> <\/strong><em>A los Mejores Precios<\/em><\/mark><\/h2>\n\n\n\n<div class=\"wp-block-group alignwide is-layout-grid wp-container-core-group-is-layout-1 wp-block-group-is-layout-grid\">\n<figure class=\"wp-block-image size-full wp-container-content-1\"><img loading=\"lazy\" decoding=\"async\" width=\"459\" height=\"580\" src=\"https:\/\/cablefuturotv.com.co\/wp-content\/uploads\/2025\/03\/Bloque-9-1.png\" alt=\"\" class=\"wp-image-136\" srcset=\"https:\/\/cablefuturotv.com.co\/wp-content\/uploads\/2025\/03\/Bloque-9-1.png 459w, https:\/\/cablefuturotv.com.co\/wp-content\/uploads\/2025\/03\/Bloque-9-1-237x300.png 237w\" sizes=\"auto, (max-width: 459px) 100vw, 459px\" \/><\/figure>\n\n\n\n<figure class=\"wp-block-image size-full wp-container-content-2\"><img loading=\"lazy\" decoding=\"async\" width=\"451\" height=\"579\" src=\"https:\/\/cablefuturotv.com.co\/wp-content\/uploads\/2025\/03\/Bloque-1.png\" alt=\"\" class=\"wp-image-104\" srcset=\"https:\/\/cablefuturotv.com.co\/wp-content\/uploads\/2025\/03\/Bloque-1.png 451w, https:\/\/cablefuturotv.com.co\/wp-content\/uploads\/2025\/03\/Bloque-1-234x300.png 234w\" sizes=\"auto, (max-width: 451px) 100vw, 451px\" \/><\/figure>\n\n\n\n<figure class=\"wp-block-image size-full wp-container-content-3\"><img loading=\"lazy\" decoding=\"async\" width=\"452\" height=\"585\" src=\"https:\/\/cablefuturotv.com.co\/wp-content\/uploads\/2025\/03\/Bloque-2.png\" alt=\"\" class=\"wp-image-105\" srcset=\"https:\/\/cablefuturotv.com.co\/wp-content\/uploads\/2025\/03\/Bloque-2.png 452w, https:\/\/cablefuturotv.com.co\/wp-content\/uploads\/2025\/03\/Bloque-2-232x300.png 232w\" sizes=\"auto, (max-width: 452px) 100vw, 452px\" \/><\/figure>\n\n\n\n<figure class=\"wp-block-image size-full\"><img loading=\"lazy\" decoding=\"async\" width=\"452\" height=\"584\" src=\"https:\/\/cablefuturotv.com.co\/wp-content\/uploads\/2025\/03\/Bloque-3.png\" alt=\"\" class=\"wp-image-106\" srcset=\"https:\/\/cablefuturotv.com.co\/wp-content\/uploads\/2025\/03\/Bloque-3.png 452w, https:\/\/cablefuturotv.com.co\/wp-content\/uploads\/2025\/03\/Bloque-3-232x300.png 232w\" sizes=\"auto, (max-width: 452px) 100vw, 452px\" \/><\/figure>\n\n\n\n<figure class=\"wp-block-image size-full\"><img loading=\"lazy\" decoding=\"async\" width=\"452\" height=\"582\" src=\"https:\/\/cablefuturotv.com.co\/wp-content\/uploads\/2025\/03\/Bloque-4.png\" alt=\"\" class=\"wp-image-107\" srcset=\"https:\/\/cablefuturotv.com.co\/wp-content\/uploads\/2025\/03\/Bloque-4.png 452w, https:\/\/cablefuturotv.com.co\/wp-content\/uploads\/2025\/03\/Bloque-4-233x300.png 233w\" sizes=\"auto, (max-width: 452px) 100vw, 452px\" \/><\/figure>\n<\/div>\n\n\n\n<hr class=\"wp-block-separator has-alpha-channel-opacity\"\/>\n\n\n\n<div class=\"wp-block-group alignwide is-layout-grid wp-container-core-group-is-layout-2 wp-block-group-is-layout-grid\">\n<figure class=\"wp-block-image size-full wp-container-content-4\"><img loading=\"lazy\" decoding=\"async\" width=\"477\" height=\"661\" src=\"https:\/\/cablefuturotv.com.co\/wp-content\/uploads\/2025\/03\/Bloque-10-1.png\" alt=\"\" class=\"wp-image-138\" srcset=\"https:\/\/cablefuturotv.com.co\/wp-content\/uploads\/2025\/03\/Bloque-10-1.png 477w, https:\/\/cablefuturotv.com.co\/wp-content\/uploads\/2025\/03\/Bloque-10-1-216x300.png 216w\" sizes=\"auto, (max-width: 477px) 100vw, 477px\" \/><\/figure>\n\n\n\n<figure class=\"wp-block-image size-full wp-container-content-5\"><img loading=\"lazy\" decoding=\"async\" width=\"452\" height=\"573\" src=\"https:\/\/cablefuturotv.com.co\/wp-content\/uploads\/2025\/03\/Bloque-5.png\" alt=\"\" class=\"wp-image-108\" srcset=\"https:\/\/cablefuturotv.com.co\/wp-content\/uploads\/2025\/03\/Bloque-5.png 452w, https:\/\/cablefuturotv.com.co\/wp-content\/uploads\/2025\/03\/Bloque-5-237x300.png 237w\" sizes=\"auto, (max-width: 452px) 100vw, 452px\" \/><\/figure>\n\n\n\n<figure class=\"wp-block-image size-full wp-container-content-6\"><img loading=\"lazy\" decoding=\"async\" width=\"452\" height=\"573\" src=\"https:\/\/cablefuturotv.com.co\/wp-content\/uploads\/2025\/03\/Bloque-6.png\" alt=\"\" class=\"wp-image-109\" srcset=\"https:\/\/cablefuturotv.com.co\/wp-content\/uploads\/2025\/03\/Bloque-6.png 452w, https:\/\/cablefuturotv.com.co\/wp-content\/uploads\/2025\/03\/Bloque-6-237x300.png 237w\" sizes=\"auto, (max-width: 452px) 100vw, 452px\" \/><\/figure>\n\n\n\n<figure class=\"wp-block-image size-full\"><img loading=\"lazy\" decoding=\"async\" width=\"452\" height=\"573\" src=\"https:\/\/cablefuturotv.com.co\/wp-content\/uploads\/2025\/03\/Bloque-7.png\" alt=\"\" class=\"wp-image-110\" srcset=\"https:\/\/cablefuturotv.com.co\/wp-content\/uploads\/2025\/03\/Bloque-7.png 452w, https:\/\/cablefuturotv.com.co\/wp-content\/uploads\/2025\/03\/Bloque-7-237x300.png 237w\" sizes=\"auto, (max-width: 452px) 100vw, 452px\" \/><\/figure>\n\n\n\n<figure class=\"wp-block-image size-full\"><img loading=\"lazy\" decoding=\"async\" width=\"452\" height=\"573\" src=\"https:\/\/cablefuturotv.com.co\/wp-content\/uploads\/2025\/03\/Bloque-8.png\" alt=\"\" class=\"wp-image-111\" srcset=\"https:\/\/cablefuturotv.com.co\/wp-content\/uploads\/2025\/03\/Bloque-8.png 452w, https:\/\/cablefuturotv.com.co\/wp-content\/uploads\/2025\/03\/Bloque-8-237x300.png 237w\" sizes=\"auto, (max-width: 452px) 100vw, 452px\" \/><\/figure>\n<\/div>\n<\/div>\n\n\n\n<div class=\"wp-block-column has-background has-global-padding is-layout-constrained wp-block-column-is-layout-constrained\" style=\"background-color:#6969690d;flex-basis:25%\">\n<h3 class=\"wp-block-heading\" id=\"0-nuestros-planes-de-servicio-\"><mark style=\"background-color:rgba(0, 0, 0, 0);color:#224798\" class=\"has-inline-color\"><strong>NUESTROS PLANES DE SERVICIO<\/strong><\/mark><\/h3>\n\n\n\n<p class=\"has-contrast-color has-text-color has-link-color has-medium-font-size wp-elements-3a070963b4fdd57e5e30bfa1af100bdb\">En <strong>Cable Futuro <\/strong>sabemos que cada hogar y negocio tiene necesidades \u00fanicas. Por eso, ofrecemos una variedad de planes flexibles que se adaptan a ti.<\/p>\n\n\n\n<div class=\"wp-block-buttons alignwide is-content-justification-center is-layout-flex wp-container-core-buttons-is-layout-1 wp-block-buttons-is-layout-flex\">\n<div class=\"wp-block-button\"><a class=\"wp-block-button__link has-base-color has-text-color has-background has-link-color has-text-align-center wp-element-button\" href=\"https:\/\/cablefuturotv.com.co\/?page_id=2\" style=\"background-color:#4da4bf\"><strong>Ver planes de Servicio<\/strong><\/a><\/div>\n<\/div>\n\n\n\n<hr class=\"wp-block-separator has-text-color has-accent-4-color has-alpha-channel-opacity has-accent-4-background-color has-background is-style-default\" style=\"margin-top:var(--wp--preset--spacing--20);margin-bottom:var(--wp--preset--spacing--20)\"\/>\n\n\n\n<h3 class=\"wp-block-heading has-text-align-center\" id=\"1-normatividad-crc-\"><mark style=\"background-color:rgba(0, 0, 0, 0);color:#224798\" class=\"has-inline-color\"><strong>NORMATIVIDAD CRC<\/strong><\/mark><\/h3>\n\n\n\n<figure class=\"wp-block-image size-full is-resized\"><img decoding=\"async\" src=\"https:\/\/cablefuturotv.com.co\/wp-content\/uploads\/2025\/03\/CRC_Colombia-1.png\" alt=\"\" class=\"wp-image-62\" style=\"width:213px;height:auto\"\/><\/figure>\n\n\n\n<p class=\"has-contrast-color has-text-color has-link-color has-medium-font-size wp-elements-fae1113de1fefa8f72f44632c247ecc0\"><strong>Cable Futuro <\/strong>opera bajo las regulaciones de la<strong> CRC<\/strong> (Normativa de la Comisi\u00f3n de Regulaci\u00f3n de<br>Comunicaciones ), lo que garantiza la protecci\u00f3n de los consumidores y la competencia en el mercado de las telecomunicaciones.<\/p>\n\n\n\n<p class=\"has-text-align-center has-contrast-color has-text-color has-link-color wp-elements-4f1c94a749f12b58d4214fd269ea6b99\" style=\"font-size:clamp(14px, 0.875rem + ((1vw - 3.2px) * 0.49), 19px);\"><strong><mark style=\"background-color:rgba(0, 0, 0, 0)\" class=\"has-inline-color has-accent-4-color\"><a href=\"https:\/\/cablefuturotv.com.co\/?page_id=276\" data-type=\"link\" data-id=\"https:\/\/www.crcom.gov.co\/es\/normatividad\">Click para m\u00e1s informaci\u00f3n<\/a><\/mark><\/strong><\/p>\n\n\n\n<hr class=\"wp-block-separator has-text-color has-accent-4-color has-alpha-channel-opacity has-accent-4-background-color has-background is-style-default\" style=\"margin-top:var(--wp--preset--spacing--20);margin-bottom:var(--wp--preset--spacing--20)\"\/>\n\n\n\n<h3 class=\"wp-block-heading has-text-align-center\" id=\"2-protejamos-nuestros-ni%C3%B1os-y-adolescentes-\"><mark style=\"background-color:rgba(0, 0, 0, 0);color:#224798\" class=\"has-inline-color\"><strong>Protejamos nuestros ni\u00f1os y adolescentes<\/strong><\/mark><\/h3>\n\n\n\n<h3 class=\"wp-block-heading has-text-align-center\" id=\"3-denuncia-la-pornografia-infantil-\"><mark style=\"background-color:rgba(0, 0, 0, 0);color:#6b87c3\" class=\"has-inline-color\"><strong>DENUNCIA LA PORNOGRAFIA INFANTIL<\/strong><\/mark><\/h3>\n\n\n\n<figure class=\"wp-block-image aligncenter size-large is-resized\"><img decoding=\"async\" src=\"https:\/\/cablefuturotv.com.co\/wp-content\/uploads\/2025\/03\/DeWatermark.ai_1741801525843-Photoroom-1024x614.png\" alt=\"\" class=\"wp-image-88\" style=\"width:332px;height:auto\"\/><\/figure>\n\n\n\n<p class=\"has-text-align-center has-contrast-color has-text-color has-link-color wp-elements-62b2dd31dfd82b4bdf0a447353ca6e4d\" style=\"font-size:clamp(14px, 0.875rem + ((1vw - 3.2px) * 0.392), 18px);\"><strong><mark style=\"background-color:rgba(0, 0, 0, 0)\" class=\"has-inline-color has-accent-4-color\"><a href=\"https:\/\/cablefuturotv.com.co\/?page_id=254\" data-type=\"link\" data-id=\"https:\/\/www.crcom.gov.co\/es\/normatividad\">M\u00e1s informaci\u00f3n<\/a><\/mark><\/strong><\/p>\n\n\n\n<p class=\"has-contrast-color has-text-color has-link-color has-medium-font-size wp-elements-c3168af83bbb6315f01a599ed0e5863c\"><strong>Cable Futuro<\/strong> informa que no realiza ning\u00fan tipo de bloqueo de contenido salvo la que est\u00e1n estipulada en la Ley 679 de 2001, Decreto 1524 de 2002, Ley 1336 de 2009, Ley 1341 de 2009 , sin el Consentimiento del usuario.<\/p>\n\n\n\n<p class=\"has-contrast-color has-text-color has-link-color wp-elements-60bf8c67e2b6a9a3c02661d382b116e1\"><\/p>\n\n\n\n<p class=\"has-contrast-color has-text-color has-link-color wp-elements-60bf8c67e2b6a9a3c02661d382b116e1\"><\/p>\n\n\n\n<p class=\"has-contrast-color has-text-color has-link-color wp-elements-60bf8c67e2b6a9a3c02661d382b116e1\"><\/p>\n<\/div>\n<\/div>\n<\/div>\n<\/div>\n\n\n\n<p><\/p>\n","protected":false},"excerpt":{"rendered":"<p>Nuestros Planes de Servicio A los Mejores Precios NUESTROS PLANES DE SERVICIO En Cable Futuro sabemos que cada hogar y negocio tiene necesidades \u00fanicas. Por eso, ofrecemos una variedad de planes flexibles que se adaptan a ti. NORMATIVIDAD CRC Cable Futuro opera bajo las regulaciones de la CRC (Normativa de la Comisi\u00f3n de Regulaci\u00f3n deComunicaciones [&hellip;]<\/p>\n","protected":false},"author":1,"featured_media":0,"parent":0,"menu_order":0,"comment_status":"closed","ping_status":"closed","template":"","meta":{"ub_ctt_via":"","footnotes":""},"class_list":["post-2","page","type-page","status-publish","hentry"],"featured_image_src":null,"_links":{"self":[{"href":"https:\/\/cablefuturotv.com.co\/index.php?rest_route=\/wp\/v2\/pages\/2","targetHints":{"allow":["GET"]}}],"collection":[{"href":"https:\/\/cablefuturotv.com.co\/index.php?rest_route=\/wp\/v2\/pages"}],"about":[{"href":"https:\/\/cablefuturotv.com.co\/index.php?rest_route=\/wp\/v2\/types\/page"}],"author":[{"embeddable":true,"href":"https:\/\/cablefuturotv.com.co\/index.php?rest_route=\/wp\/v2\/users\/1"}],"replies":[{"embeddable":true,"href":"https:\/\/cablefuturotv.com.co\/index.php?rest_route=%2Fwp%2Fv2%2Fcomments&post=2"}],"version-history":[{"count":17,"href":"https:\/\/cablefuturotv.com.co\/index.php?rest_route=\/wp\/v2\/pages\/2\/revisions"}],"predecessor-version":[{"id":307,"href":"https:\/\/cablefuturotv.com.co\/index.php?rest_route=\/wp\/v2\/pages\/2\/revisions\/307"}],"wp:attachment":[{"href":"https:\/\/cablefuturotv.com.co\/index.php?rest_route=%2Fwp%2Fv2%2Fmedia&parent=2"}],"curies":[{"name":"wp","href":"https:\/\/api.w.org\/{rel}","templated":true}]}}